{"id":585,"date":"2022-12-09T11:39:31","date_gmt":"2022-12-09T11:39:31","guid":{"rendered":"https:\/\/smartecomountains.lifewatch.dev\/?page_id=585"},"modified":"2023-05-02T07:10:56","modified_gmt":"2023-05-02T07:10:56","slug":"quienes-somos","status":"publish","type":"page","link":"https:\/\/smartecomountains.lifewatch.dev\/en\/quienes-somos\/","title":{"rendered":"About"},"content":{"rendered":"<div data-elementor-type=\"wp-page\" data-elementor-id=\"585\" class=\"elementor elementor-585\">\n\t\t\t\t\t\t\t\t\t<section class=\"elementor-section elementor-top-section elementor-element elementor-element-64231246 elementor-section-full_width elementor-section-height-default elementor-section-height-default\" data-id=\"64231246\" data-element_type=\"section\" data-settings=\"{&quot;jet_parallax_layout_list&quot;:[]}\">\n\t\t\t\t\t\t<div class=\"elementor-container elementor-column-gap-default\">\n\t\t\t\t\t<div class=\"elementor-column elementor-col-100 elementor-top-column elementor-element elementor-element-45d10bfd\" data-id=\"45d10bfd\" data-element_type=\"column\">\n\t\t\t<div class=\"elementor-widget-wrap elementor-element-populated\">\n\t\t\t\t\t\t\t\t\t<\/div>\n\t\t<\/div>\n\t\t\t\t\t\t\t<\/div>\n\t\t<\/section>\n\t\t\t\t<section class=\"elementor-section elementor-top-section elementor-element elementor-element-f091b18 elementor-section-boxed elementor-section-height-default elementor-section-height-default\" data-id=\"f091b18\" data-element_type=\"section\" data-settings=\"{&quot;jet_parallax_layout_list&quot;:[]}\">\n\t\t\t\t\t\t<div class=\"elementor-container elementor-column-gap-default\">\n\t\t\t\t\t<div class=\"elementor-column elementor-col-100 elementor-top-column elementor-element elementor-element-a192548\" data-id=\"a192548\" data-element_type=\"column\">\n\t\t\t<div class=\"elementor-widget-wrap elementor-element-populated\">\n\t\t\t\t\t\t\t\t<div class=\"elementor-element elementor-element-64e7303 elementor-widget elementor-widget-text-editor\" data-id=\"64e7303\" data-element_type=\"widget\" data-widget_type=\"text-editor.default\">\n\t\t\t\t<div class=\"elementor-widget-container\">\n\t\t\t<style>\/*! elementor - v3.13.2 - 11-05-2023 *\/\n.elementor-widget-text-editor.elementor-drop-cap-view-stacked .elementor-drop-cap{background-color:#69727d;color:#fff}.elementor-widget-text-editor.elementor-drop-cap-view-framed .elementor-drop-cap{color:#69727d;border:3px solid;background-color:transparent}.elementor-widget-text-editor:not(.elementor-drop-cap-view-default) .elementor-drop-cap{margin-top:8px}.elementor-widget-text-editor:not(.elementor-drop-cap-view-default) .elementor-drop-cap-letter{width:1em;height:1em}.elementor-widget-text-editor .elementor-drop-cap{float:left;text-align:center;line-height:1;font-size:50px}.elementor-widget-text-editor .elementor-drop-cap-letter{display:inline-block}<\/style>\t\t\t\t<h3><b>Smart EcoMountains<\/b><\/h3>\n<p>Smart EcoMountains is an institutional project of the University of Granada associated with the European Research Infrastructure LifeWatch-ERIC to develop a Thematic Center on Biodiversity, Global Change and Sustainable Development in mountains with international projection, using as a case study the mountain of Sierra Nevada (Southeast of the Iberian Peninsula).<br>The mission of Smart Ecomountains is: <\/p>\n<ol>\n<li>Generate information on biodiversity, ecosystem services and global change in mountain ecosystems, applying a Data Management Plan that ensures that all information collected is reliable, traceable, accessible, interoperable and reusable.<\/li>\n<li>To develop new technological tools and services that facilitate the exchange, localization, access and analysis of data by scientists in order to improve our knowledge of mountain ecosystems and the main global change processes that affect them.<\/li>\n<li>To create educational content and management tools that inform society about the most important global change processes affecting biodiversity and ecosystem services in mountains, supporting managers, decision-makers and citizens in making science-based decisions.<\/li>\n<\/ol>\n<div><br><\/div>\n<div>Scientific coordinator:&nbsp;<a href=\"http:\/\/www.reginozamora.es\/\" target=\"_blank\">Regino Zamora<\/a><br><\/div>\n<p>Project Manager:&nbsp;<a href=\"mailto:ana.mellado@lifewatch.eu\" target=\"_blank\" style=\"font-family: var( --e-global-typography-text-font-family ), Sans-serif; font-weight: var( --e-global-typography-text-font-weight ); background-color: rgb(252, 252, 252); font-size: 1rem;\">Ana Mellado<\/a><\/p>\n<div><br><\/div>\n<h3><b>LifeWatch-ERIC<\/b><\/h3>\n<p>LifeWatch-ERIC is a European infrastructure that provides advanced tools to visualize, integrate and analyze biodiversity information, promoting its preservation, knowledge and sustainable use of the services it provides to humanity. LifeWatch-ERIC brings together (virtually) in a single infrastructure a wide variety of data, services and tools that facilitate the exchange, visualization and analysis of open access data, and are offered to users through the so-called Virtual Research Environments (VRE). The knowledge generated by LifeWatch-ERIC is made available to scientists, decision makers, managers and civil society in order to improve decision-making and implement management measures aimed at preserving life on Earth and addressing the major planetary challenges linked to climate change, resource efficiency, food security, sustainable development and global health. <br>The infrastructure currently includes Belgium, Bulgaria, Greece, the Netherlands, Italy, Portugal, Slovenia, Spain and the Netherlands.<\/p>\t\t\t\t\t\t<\/div>\n\t\t\t\t<\/div>\n\t\t\t\t\t<\/div>\n\t\t<\/div>\n\t\t\t\t\t\t\t<\/div>\n\t\t<\/section>\n\t\t\t\t\t\t\t<\/div>","protected":false},"excerpt":{"rendered":"<p>Smart EcoMountains Smart EcoMountains es un proyecto institucional de la Universidad de Granada asociado con la Infraestructura de Investigaci\u00f3n Europea LifeWatch-ERIC para desarrollar un Centro Tem\u00e1tico sobre Biodiversidad, Cambio Global y Desarrollo Sostenible en monta\u00f1as con proyecci\u00f3n internacional, utilizando como caso de estudio la monta\u00f1a de Sierra Nevada (Sureste de la Pen\u00ednsula Ib\u00e9rica).La misi\u00f3n de [&hellip;]<\/p>","protected":false},"author":1,"featured_media":0,"parent":0,"menu_order":0,"comment_status":"closed","ping_status":"closed","template":"","meta":{"footnotes":""},"class_list":["post-585","page","type-page","status-publish","hentry"],"acf":[],"yoast_head":"<!-- This site is optimized with the Yoast SEO plugin v21.2 - https:\/\/yoast.com\/wordpress\/plugins\/seo\/ -->\n<title>Qui\u00e9nes somos - Smart Ecomountains<\/title>\n<meta name=\"robots\" content=\"index, follow, max-snippet:-1, max-image-preview:large, max-video-preview:-1\" \/>\n<link rel=\"canonical\" href=\"https:\/\/smartecomountains.lifewatch.dev\/en\/quienes-somos\/\" \/>\n<meta property=\"og:locale\" content=\"en_US\" \/>\n<meta property=\"og:type\" content=\"article\" \/>\n<meta property=\"og:title\" content=\"Qui\u00e9nes somos - Smart Ecomountains\" \/>\n<meta property=\"og:description\" content=\"Smart EcoMountains Smart EcoMountains es un proyecto institucional de la Universidad de Granada asociado con la Infraestructura de Investigaci\u00f3n Europea LifeWatch-ERIC para desarrollar un Centro Tem\u00e1tico sobre Biodiversidad, Cambio Global y Desarrollo Sostenible en monta\u00f1as con proyecci\u00f3n internacional, utilizando como caso de estudio la monta\u00f1a de Sierra Nevada (Sureste de la Pen\u00ednsula Ib\u00e9rica).La misi\u00f3n de [&hellip;]\" \/>\n<meta property=\"og:url\" content=\"https:\/\/smartecomountains.lifewatch.dev\/en\/quienes-somos\/\" \/>\n<meta property=\"og:site_name\" content=\"Smart Ecomountains\" \/>\n<meta property=\"article:publisher\" content=\"https:\/\/www.facebook.com\/smartecomountains\" \/>\n<meta property=\"article:modified_time\" content=\"2023-05-02T07:10:56+00:00\" \/>\n<meta name=\"twitter:card\" content=\"summary_large_image\" \/>\n<meta name=\"twitter:site\" content=\"@smart_mountains\" \/>\n<meta name=\"twitter:label1\" content=\"Est. reading time\" \/>\n\t<meta name=\"twitter:data1\" content=\"2 minutes\" \/>\n<script type=\"application\/ld+json\" class=\"yoast-schema-graph\">{\"@context\":\"https:\/\/schema.org\",\"@graph\":[{\"@type\":\"WebPage\",\"@id\":\"https:\/\/smartecomountains.lifewatch.dev\/quienes-somos\/\",\"url\":\"https:\/\/smartecomountains.lifewatch.dev\/quienes-somos\/\",\"name\":\"Qui\u00e9nes somos - Smart Ecomountains\",\"isPartOf\":{\"@id\":\"https:\/\/smartecomountains.lifewatch.dev\/#website\"},\"datePublished\":\"2022-12-09T11:39:31+00:00\",\"dateModified\":\"2023-05-02T07:10:56+00:00\",\"breadcrumb\":{\"@id\":\"https:\/\/smartecomountains.lifewatch.dev\/quienes-somos\/#breadcrumb\"},\"inLanguage\":\"en-US\",\"potentialAction\":[{\"@type\":\"ReadAction\",\"target\":[\"https:\/\/smartecomountains.lifewatch.dev\/quienes-somos\/\"]}]},{\"@type\":\"BreadcrumbList\",\"@id\":\"https:\/\/smartecomountains.lifewatch.dev\/quienes-somos\/#breadcrumb\",\"itemListElement\":[{\"@type\":\"ListItem\",\"position\":1,\"name\":\"Portada\",\"item\":\"https:\/\/smartecomountains.lifewatch.dev\/\"},{\"@type\":\"ListItem\",\"position\":2,\"name\":\"Qui\u00e9nes somos\"}]},{\"@type\":\"WebSite\",\"@id\":\"https:\/\/smartecomountains.lifewatch.dev\/#website\",\"url\":\"https:\/\/smartecomountains.lifewatch.dev\/\",\"name\":\"Smart Ecomountains\",\"description\":\"\",\"publisher\":{\"@id\":\"https:\/\/smartecomountains.lifewatch.dev\/#organization\"},\"potentialAction\":[{\"@type\":\"SearchAction\",\"target\":{\"@type\":\"EntryPoint\",\"urlTemplate\":\"https:\/\/smartecomountains.lifewatch.dev\/?s={search_term_string}\"},\"query-input\":\"required name=search_term_string\"}],\"inLanguage\":\"en-US\"},{\"@type\":\"Organization\",\"@id\":\"https:\/\/smartecomountains.lifewatch.dev\/#organization\",\"name\":\"Smart Ecomountains\",\"url\":\"https:\/\/smartecomountains.lifewatch.dev\/\",\"logo\":{\"@type\":\"ImageObject\",\"inLanguage\":\"en-US\",\"@id\":\"https:\/\/smartecomountains.lifewatch.dev\/#\/schema\/logo\/image\/\",\"url\":\"https:\/\/smartecomountains.lifewatch.dev\/wp-content\/uploads\/2022\/11\/Smart_Ecomountains_Color.png\",\"contentUrl\":\"https:\/\/smartecomountains.lifewatch.dev\/wp-content\/uploads\/2022\/11\/Smart_Ecomountains_Color.png\",\"width\":665,\"height\":182,\"caption\":\"Smart Ecomountains\"},\"image\":{\"@id\":\"https:\/\/smartecomountains.lifewatch.dev\/#\/schema\/logo\/image\/\"},\"sameAs\":[\"https:\/\/www.facebook.com\/smartecomountains\",\"https:\/\/twitter.com\/smart_mountains\",\"http:\/\/instagram.com\/smartecomountains\",\"https:\/\/www.linkedin.com\/company\/smartecomountains\/\"]}]}<\/script>\n<!-- \/ Yoast SEO plugin. -->","yoast_head_json":{"title":"Qui\u00e9nes somos - Smart Ecomountains","robots":{"index":"index","follow":"follow","max-snippet":"max-snippet:-1","max-image-preview":"max-image-preview:large","max-video-preview":"max-video-preview:-1"},"canonical":"https:\/\/smartecomountains.lifewatch.dev\/en\/quienes-somos\/","og_locale":"en_US","og_type":"article","og_title":"Qui\u00e9nes somos - Smart Ecomountains","og_description":"Smart EcoMountains Smart EcoMountains es un proyecto institucional de la Universidad de Granada asociado con la Infraestructura de Investigaci\u00f3n Europea LifeWatch-ERIC para desarrollar un Centro Tem\u00e1tico sobre Biodiversidad, Cambio Global y Desarrollo Sostenible en monta\u00f1as con proyecci\u00f3n internacional, utilizando como caso de estudio la monta\u00f1a de Sierra Nevada (Sureste de la Pen\u00ednsula Ib\u00e9rica).La misi\u00f3n de [&hellip;]","og_url":"https:\/\/smartecomountains.lifewatch.dev\/en\/quienes-somos\/","og_site_name":"Smart Ecomountains","article_publisher":"https:\/\/www.facebook.com\/smartecomountains","article_modified_time":"2023-05-02T07:10:56+00:00","twitter_card":"summary_large_image","twitter_site":"@smart_mountains","twitter_misc":{"Est. reading time":"2 minutes"},"schema":{"@context":"https:\/\/schema.org","@graph":[{"@type":"WebPage","@id":"https:\/\/smartecomountains.lifewatch.dev\/quienes-somos\/","url":"https:\/\/smartecomountains.lifewatch.dev\/quienes-somos\/","name":"Qui\u00e9nes somos - Smart Ecomountains","isPartOf":{"@id":"https:\/\/smartecomountains.lifewatch.dev\/#website"},"datePublished":"2022-12-09T11:39:31+00:00","dateModified":"2023-05-02T07:10:56+00:00","breadcrumb":{"@id":"https:\/\/smartecomountains.lifewatch.dev\/quienes-somos\/#breadcrumb"},"inLanguage":"en-US","potentialAction":[{"@type":"ReadAction","target":["https:\/\/smartecomountains.lifewatch.dev\/quienes-somos\/"]}]},{"@type":"BreadcrumbList","@id":"https:\/\/smartecomountains.lifewatch.dev\/quienes-somos\/#breadcrumb","itemListElement":[{"@type":"ListItem","position":1,"name":"Portada","item":"https:\/\/smartecomountains.lifewatch.dev\/"},{"@type":"ListItem","position":2,"name":"Qui\u00e9nes somos"}]},{"@type":"WebSite","@id":"https:\/\/smartecomountains.lifewatch.dev\/#website","url":"https:\/\/smartecomountains.lifewatch.dev\/","name":"Smart Ecomountains","description":"","publisher":{"@id":"https:\/\/smartecomountains.lifewatch.dev\/#organization"},"potentialAction":[{"@type":"SearchAction","target":{"@type":"EntryPoint","urlTemplate":"https:\/\/smartecomountains.lifewatch.dev\/?s={search_term_string}"},"query-input":"required name=search_term_string"}],"inLanguage":"en-US"},{"@type":"Organization","@id":"https:\/\/smartecomountains.lifewatch.dev\/#organization","name":"Smart Ecomountains","url":"https:\/\/smartecomountains.lifewatch.dev\/","logo":{"@type":"ImageObject","inLanguage":"en-US","@id":"https:\/\/smartecomountains.lifewatch.dev\/#\/schema\/logo\/image\/","url":"https:\/\/smartecomountains.lifewatch.dev\/wp-content\/uploads\/2022\/11\/Smart_Ecomountains_Color.png","contentUrl":"https:\/\/smartecomountains.lifewatch.dev\/wp-content\/uploads\/2022\/11\/Smart_Ecomountains_Color.png","width":665,"height":182,"caption":"Smart Ecomountains"},"image":{"@id":"https:\/\/smartecomountains.lifewatch.dev\/#\/schema\/logo\/image\/"},"sameAs":["https:\/\/www.facebook.com\/smartecomountains","https:\/\/twitter.com\/smart_mountains","http:\/\/instagram.com\/smartecomountains","https:\/\/www.linkedin.com\/company\/smartecomountains\/"]}]}},"_links":{"self":[{"href":"https:\/\/smartecomountains.lifewatch.dev\/en\/wp-json\/wp\/v2\/pages\/585","targetHints":{"allow":["GET"]}}],"collection":[{"href":"https:\/\/smartecomountains.lifewatch.dev\/en\/wp-json\/wp\/v2\/pages"}],"about":[{"href":"https:\/\/smartecomountains.lifewatch.dev\/en\/wp-json\/wp\/v2\/types\/page"}],"author":[{"embeddable":true,"href":"https:\/\/smartecomountains.lifewatch.dev\/en\/wp-json\/wp\/v2\/users\/1"}],"replies":[{"embeddable":true,"href":"https:\/\/smartecomountains.lifewatch.dev\/en\/wp-json\/wp\/v2\/comments?post=585"}],"version-history":[{"count":3,"href":"https:\/\/smartecomountains.lifewatch.dev\/en\/wp-json\/wp\/v2\/pages\/585\/revisions"}],"predecessor-version":[{"id":1023,"href":"https:\/\/smartecomountains.lifewatch.dev\/en\/wp-json\/wp\/v2\/pages\/585\/revisions\/1023"}],"wp:attachment":[{"href":"https:\/\/smartecomountains.lifewatch.dev\/en\/wp-json\/wp\/v2\/media?parent=585"}],"curies":[{"name":"wp","href":"https:\/\/api.w.org\/{rel}","templated":true}]}}