{"id":609,"date":"2022-12-09T12:46:51","date_gmt":"2022-12-09T12:46:51","guid":{"rendered":"https:\/\/smartecomountains.lifewatch.dev\/?page_id=609"},"modified":"2023-10-10T10:04:21","modified_gmt":"2023-10-10T10:04:21","slug":"equipos-de-trabajo","status":"publish","type":"page","link":"https:\/\/smartecomountains.lifewatch.dev\/en\/equipos-de-trabajo\/","title":{"rendered":"Work packages"},"content":{"rendered":"<div data-elementor-type=\"wp-page\" data-elementor-id=\"609\" class=\"elementor elementor-609\">\n\t\t\t\t\t\t\t\t\t<section class=\"elementor-section elementor-top-section elementor-element elementor-element-ca7110a elementor-section-full_width elementor-section-height-default elementor-section-height-default\" data-id=\"ca7110a\" data-element_type=\"section\" data-settings=\"{&quot;jet_parallax_layout_list&quot;:[]}\">\n\t\t\t\t\t\t<div class=\"elementor-container elementor-column-gap-default\">\n\t\t\t\t\t<div class=\"elementor-column elementor-col-100 elementor-top-column elementor-element elementor-element-760c01aa\" data-id=\"760c01aa\" data-element_type=\"column\">\n\t\t\t<div class=\"elementor-widget-wrap elementor-element-populated\">\n\t\t\t\t\t\t\t\t\t<\/div>\n\t\t<\/div>\n\t\t\t\t\t\t\t<\/div>\n\t\t<\/section>\n\t\t\t\t<section class=\"elementor-section elementor-top-section elementor-element elementor-element-d0c7b8e elementor-section-boxed elementor-section-height-default elementor-section-height-default\" data-id=\"d0c7b8e\" data-element_type=\"section\" data-settings=\"{&quot;jet_parallax_layout_list&quot;:[]}\">\n\t\t\t\t\t\t<div class=\"elementor-container elementor-column-gap-default\">\n\t\t\t\t\t<div class=\"elementor-column elementor-col-100 elementor-top-column elementor-element elementor-element-748ddf5\" data-id=\"748ddf5\" data-element_type=\"column\">\n\t\t\t<div class=\"elementor-widget-wrap elementor-element-populated\">\n\t\t\t\t\t\t\t\t<div class=\"elementor-element elementor-element-25e6e27 elementor-widget elementor-widget-text-editor\" data-id=\"25e6e27\" data-element_type=\"widget\" data-widget_type=\"text-editor.default\">\n\t\t\t\t<div class=\"elementor-widget-container\">\n\t\t\t<style>\/*! elementor - v3.13.2 - 11-05-2023 *\/\n.elementor-widget-text-editor.elementor-drop-cap-view-stacked .elementor-drop-cap{background-color:#69727d;color:#fff}.elementor-widget-text-editor.elementor-drop-cap-view-framed .elementor-drop-cap{color:#69727d;border:3px solid;background-color:transparent}.elementor-widget-text-editor:not(.elementor-drop-cap-view-default) .elementor-drop-cap{margin-top:8px}.elementor-widget-text-editor:not(.elementor-drop-cap-view-default) .elementor-drop-cap-letter{width:1em;height:1em}.elementor-widget-text-editor .elementor-drop-cap{float:left;text-align:center;line-height:1;font-size:50px}.elementor-widget-text-editor .elementor-drop-cap-letter{display:inline-block}<\/style>\t\t\t\t<p><\/p>\n<h3><b style=\"color: inherit; font-family: inherit; font-size: 1.5rem;\">WP1. Biological collections.<\/b><\/h3>\n<div>Responsible:&nbsp;<a href=\"https:\/\/directorio.ugr.es\/static\/PersonalUGR\/*\/show\/b33ba3501752513c38d6d67063e8da93\" target=\"_blank\">Juan Lorite<\/a><br><br><\/div>\n<ol>\n<li>Provide data to researchers, managers and the general public.<\/li>\n<li>Create a repository of high quality images of herbarium specimens and zoological collections related to the Sierra Nevada.<\/li>\n<li>Generate parallel collections and adapt the current ones for molecular studies.<\/li>\n<li>Complete the collections both spatially and taxonomically.<\/li>\n<li>Design and develop a virtual tool for different types of consultations depending on the audience (researchers, managers, citizens, etc.).<\/li>\n<\/ol>\n<div><br><\/div>\n<h4><b>WP2. Watersheds.<\/b><\/h4>\n<div>Responsible:&nbsp;<a href=\"https:\/\/directorio.ugr.es\/static\/PersonalUGR\/*\/show\/935ec90da2fe3405b1a0fa6211e7d1a2\" target=\"_blank\">Manuel Villar<\/a><br><br><\/div>\n<ol>\n<li>Weather monitoring<\/li>\n<li>Comprehensive study of the river basin<\/li>\n<li>Continuous monitoring of aquatic ecosystems<\/li>\n<li>Monitoring of (bio)aerosols and anthropogenic particulates<\/li>\n<\/ol>\n<div><br><\/div>\n<h4><b>WP3. Adaptive management of mountain forests.<\/b><\/h4>\n<div>Responsible:&nbsp;<a href=\"https:\/\/directorio.ugr.es\/static\/PersonalUGR\/*\/show\/34364104004f703e32fc11b69902271b\" target=\"_blank\">Pen\u00e9lope Serrano<\/a><b><br><\/b><br><\/div>\n<ol>\n<li><span style=\"background-color: transparent; color: var( --e-global-color-text ); font-family: var( --e-global-typography-text-font-family ), Sans-serif; font-weight: var( --e-global-typography-text-font-weight );\">Evaluation of forestry practices on biodiversity and ecosystem services.<\/span><\/li>\n<li>Monitoring of carbon and water exchange in experimental forest plots.<\/li>\n<li>Incidence of pine processionary.<\/li>\n<li>Post-fire monitoring.<\/li>\n<\/ol>\n<div><br><\/div>\n<h4><b>WP4. Ecosystem structure, function and services.<\/b><\/h4>\n<div class=\" translation-block\">Responsibles: <a href=\"https:\/\/directorio.ugr.es\/static\/PersonalUGR\/*\/show\/fcbc8e677628c824ee51adfc373f1a90\" target=\"_blank\">Domingo Alcaraz<\/a> and <a href=\"http:\/\/www.reginozamora.es\/\" target=\"_blank\">Regino Zamora<\/a><br><br><\/div>\n<ol>\n<li>Key biophysical aspects of ecosystem services.<\/li>\n<li>Identification of biophysical determinants of ecosystem services.<\/li>\n<li>Biophysical assessment and mapping of ecosystem services.<\/li>\n<li>Analysis of ecosystem services interactions.<\/li>\n<li>Prediction of the supply of biophysically based ecosystem services.<\/li>\n<\/ol>\n<div><br><\/div>\n<h4><b>WP5. Climate modeling.<\/b><\/h4>\n<div>Responsible:&nbsp;<a href=\"https:\/\/directorio.ugr.es\/static\/PersonalUGR\/*\/show\/e0598203a1b0ede4b069b7f5ce7899b5\" target=\"_blank\">Mar\u00eda Jes\u00fas Esteban<\/a><br><br><\/div>\n<ol>\n<li><span style=\"background-color: transparent; color: var( --e-global-color-text ); font-family: var( --e-global-typography-text-font-family ), Sans-serif; font-weight: var( --e-global-typography-text-font-weight );\">Generation of high-resolution historical time series and climate change projections by dynamical downscaling of general circulation models.<\/span><\/li>\n<li>High resolution hydroclimatic database, based on the synergy of observed and modeled data.<\/li>\n<li>ClimaNevada.<\/li>\n<\/ol>\n<div><br><\/div>\n<h4><b>WP6. Sustainable development.<\/b><\/h4>\n<ul>\n<li>&nbsp;<b>WP6.1.<\/b> Historical water management systems in Sierra Nevada: governance, local ecological knowledge and ecosystem services. Responsible:<a href=\"https:\/\/directorio.ugr.es\/static\/PersonalUGR\/*\/show\/11627771082e392cdb228cce271fb64d\" target=\"_blank\"> Jos\u00e9 Mar\u00eda Mart\u00edn Civantos<\/a><\/li>\n<li><b>WP6.2.&nbsp;<\/b>Agrobiodiversidad e innovaci\u00f3n social y tecnol\u00f3gica para las comunidades locales de monta\u00f1a: el caso de Sierra Nevada. Responsable:&nbsp;<a href=\"https:\/\/geofireg.ugr.es\/pages\/profesorado\/jimenez_olivencia#__doku_curriculum\" target=\"_blank\">Yolanda Jim\u00e9nez<\/a><\/li>\n<li><span style=\"font-weight: 700;\">WP6.3.&nbsp;<\/span>Sustainable management of tourism in Sierra Nevada. Responsible: Alberto Arag\u00f3n<\/li>\n<li><span style=\"background-color: transparent; color: var( --e-global-color-text ); font-family: var( --e-global-typography-text-font-family ), Sans-serif; font-weight: var( --e-global-typography-text-font-weight );\"><span style=\"font-weight: 700;\">WP6.4.&nbsp;<\/span>Monitoring of air pollution in Sierra Nevada. Responsible:&nbsp;<\/span><a href=\"https:\/\/directorio.ugr.es\/static\/PersonalUGR\/*\/show\/275a2892fee560c4f68e0854e29214d4\" target=\"_blank\">Lucas Alados<\/a><\/li>\n<li><span style=\"font-weight: 700;\">WP6.5.&nbsp;<\/span>Climate change awareness in Sierra Nevada. Responsible:&nbsp;<a href=\"https:\/\/directorio.ugr.es\/static\/PersonalUGR\/*\/show\/e0598203a1b0ede4b069b7f5ce7899b5\" target=\"_blank\">Mar\u00eda Jes\u00fas Esteban<\/a><\/li>\n<\/ul>\n<div>\n<div><br><\/div>\n<div>\n<h4 style=\"font-family: &quot;Titillium Web&quot;, sans-serif; color: rgb(122, 122, 122);\"><span style=\"font-weight: bold;\">WP6-7. Knowledge transfer and social participation<\/span><\/h4>\n<div>Responsible:&nbsp;<a href=\"http:\/\/www.reginozamora.es\/\" target=\"_blank\" style=\"font-family: var( --e-global-typography-text-font-family ), Sans-serif; font-weight: var( --e-global-typography-text-font-weight ); background-color: rgb(252, 252, 252); font-size: 1rem;\">Regino Zamora<\/a><\/div>\n<\/div>\n<p><br><\/p>\n<\/div>\n<div>\n<h4><b>WP7. Artificial Intelligence<\/b><\/h4>\n<div>\n<div>Responsibles:&nbsp;<a href=\"https:\/\/directorio.ugr.es\/static\/PersonalUGR\/*\/show\/2d6e19b91e4093b70383d62b1bc4d2d2\" target=\"_blank\">Siham Tabik<\/a>&nbsp;and&nbsp;<a href=\"https:\/\/directorio.ugr.es\/static\/PersonalUGR\/*\/show\/fcbc8e677628c824ee51adfc373f1a90\" target=\"_blank\" style=\"font-family: var( --e-global-typography-text-font-family ), Sans-serif; font-weight: var( --e-global-typography-text-font-weight ); background-color: rgb(252, 252, 252); font-size: 1rem;\">Domingo Alcaraz<\/a><\/div>\n<div><br><\/div>\n<ol>\n<li>Development of artificial intelligence algorithms for predictive analysis in mountain ecosystems.<\/li>\n<li>Development of Deep Learning models for automatic image classification (morphological features, species, ecosystems).<\/li>\n<\/ol>\n<\/div>\n<div>&nbsp;<\/div>\n<h4><b>WP8. Satellite Remote sensing<\/b><\/h4>\n<div>Responsible:&nbsp;<a href=\"https:\/\/directorio.ugr.es\/static\/PersonalUGR\/*\/show\/fcbc8e677628c824ee51adfc373f1a90\" target=\"_blank\" style=\"font-family: var( --e-global-typography-text-font-family ), Sans-serif; font-weight: var( --e-global-typography-text-font-weight ); background-color: rgb(252, 252, 252); font-size: 1rem;\">Domingo Alcaraz<\/a><\/div>\n<div><br><\/div>\n<div>The goal of this team is to monitor the Sierra Nevada ecosystems at two scales:&nbsp;<\/div>\n<div>\n<ul>\n<li>Regional: using free, high-resolution satellite imagery to assess changes in the regional context<\/li>\n<li>Local: using commercial satellite imagery with very high spatial and spectral resolution to support field monitoring of other LifeWatch-ERIC initiatives to assess ecosystem change at reference sites.&nbsp;&nbsp;<\/li>\n<\/ul>\n<\/div>\n<div>&nbsp;<\/div>\n<div>Monitoring at both scales will make it possible not only to resolve scientific and management issues relevant to these scales separately, but also to establish relationships between changes observed at the regional scale with remote sensing and at the plot or site scale through field monitoring with other work teams.<\/div>\n<div>&nbsp;<\/div>\n<div><span style=\"color: var( --e-global-color-text ); font-family: var( --e-global-typography-text-font-family ), Sans-serif; font-weight: var( --e-global-typography-text-font-weight ); font-size: 1rem;\">The ultimate goal of the system is to remove the barriers that researchers, managers and stakeholders encounter when trying to use satellite information.<\/span><\/div>\n<\/div>\n<div>&nbsp;<\/div>\n<div>\n<h4 style=\"font-family: 'Titillium Web', sans-serif; color: #7a7a7a;\"><span style=\"font-weight: bold;\">Data Integration and Virtual Research Laboratories<\/span><\/h4>\n<div>\n<div>Responsible:&nbsp;<a href=\"http:\/\/www.reginozamora.es\/\" target=\"_blank\" style=\"font-family: var( --e-global-typography-text-font-family ), Sans-serif; font-weight: var( --e-global-typography-text-font-weight ); background-color: rgb(252, 252, 252); font-size: 1rem;\">Regino Zamora<\/a><\/div>\n<div><br><\/div>\n<div>\n<\/div>\n<\/div>\n<\/div>\t\t\t\t\t\t<\/div>\n\t\t\t\t<\/div>\n\t\t\t\t\t<\/div>\n\t\t<\/div>\n\t\t\t\t\t\t\t<\/div>\n\t\t<\/section>\n\t\t\t\t\t\t\t<\/div>","protected":false},"excerpt":{"rendered":"<p>WP1. Colecciones biol\u00f3gicas. Responsable:&nbsp;Juan Lorite Proporcionar datos a los investigadores, a los gestores y a la ciudadan\u00eda en general. Crear un repositorio de im\u00e1genes de alta calidad de los espec\u00edmenes de herbario y de las colecciones zool\u00f3gicas relacionadas con Sierra Nevada. Generar colecciones paralelas y adaptar las actuales para estudios moleculares. Completar las colecciones tanto [&hellip;]<\/p>","protected":false},"author":1,"featured_media":0,"parent":0,"menu_order":0,"comment_status":"closed","ping_status":"closed","template":"","meta":{"footnotes":""},"class_list":["post-609","page","type-page","status-publish","hentry"],"acf":[],"yoast_head":"<!-- This site is optimized with the Yoast SEO plugin v21.2 - https:\/\/yoast.com\/wordpress\/plugins\/seo\/ -->\n<title>Equipos de trabajo - Smart Ecomountains<\/title>\n<meta name=\"robots\" content=\"index, follow, max-snippet:-1, max-image-preview:large, max-video-preview:-1\" \/>\n<link rel=\"canonical\" href=\"https:\/\/smartecomountains.lifewatch.dev\/en\/equipos-de-trabajo\/\" \/>\n<meta property=\"og:locale\" content=\"en_US\" \/>\n<meta property=\"og:type\" content=\"article\" \/>\n<meta property=\"og:title\" content=\"Equipos de trabajo - Smart Ecomountains\" \/>\n<meta property=\"og:description\" content=\"WP1. Colecciones biol\u00f3gicas. Responsable:&nbsp;Juan Lorite Proporcionar datos a los investigadores, a los gestores y a la ciudadan\u00eda en general. Crear un repositorio de im\u00e1genes de alta calidad de los espec\u00edmenes de herbario y de las colecciones zool\u00f3gicas relacionadas con Sierra Nevada. Generar colecciones paralelas y adaptar las actuales para estudios moleculares. Completar las colecciones tanto [&hellip;]\" \/>\n<meta property=\"og:url\" content=\"https:\/\/smartecomountains.lifewatch.dev\/en\/equipos-de-trabajo\/\" \/>\n<meta property=\"og:site_name\" content=\"Smart Ecomountains\" \/>\n<meta property=\"article:publisher\" content=\"https:\/\/www.facebook.com\/smartecomountains\" \/>\n<meta property=\"article:modified_time\" content=\"2023-10-10T10:04:21+00:00\" \/>\n<meta name=\"twitter:card\" content=\"summary_large_image\" \/>\n<meta name=\"twitter:site\" content=\"@smart_mountains\" \/>\n<meta name=\"twitter:label1\" content=\"Est. reading time\" \/>\n\t<meta name=\"twitter:data1\" content=\"3 minutes\" \/>\n<script type=\"application\/ld+json\" class=\"yoast-schema-graph\">{\"@context\":\"https:\/\/schema.org\",\"@graph\":[{\"@type\":\"WebPage\",\"@id\":\"https:\/\/smartecomountains.lifewatch.dev\/equipos-de-trabajo\/\",\"url\":\"https:\/\/smartecomountains.lifewatch.dev\/equipos-de-trabajo\/\",\"name\":\"Equipos de trabajo - Smart Ecomountains\",\"isPartOf\":{\"@id\":\"https:\/\/smartecomountains.lifewatch.dev\/#website\"},\"datePublished\":\"2022-12-09T12:46:51+00:00\",\"dateModified\":\"2023-10-10T10:04:21+00:00\",\"breadcrumb\":{\"@id\":\"https:\/\/smartecomountains.lifewatch.dev\/equipos-de-trabajo\/#breadcrumb\"},\"inLanguage\":\"en-US\",\"potentialAction\":[{\"@type\":\"ReadAction\",\"target\":[\"https:\/\/smartecomountains.lifewatch.dev\/equipos-de-trabajo\/\"]}]},{\"@type\":\"BreadcrumbList\",\"@id\":\"https:\/\/smartecomountains.lifewatch.dev\/equipos-de-trabajo\/#breadcrumb\",\"itemListElement\":[{\"@type\":\"ListItem\",\"position\":1,\"name\":\"Portada\",\"item\":\"https:\/\/smartecomountains.lifewatch.dev\/\"},{\"@type\":\"ListItem\",\"position\":2,\"name\":\"Equipos de trabajo\"}]},{\"@type\":\"WebSite\",\"@id\":\"https:\/\/smartecomountains.lifewatch.dev\/#website\",\"url\":\"https:\/\/smartecomountains.lifewatch.dev\/\",\"name\":\"Smart Ecomountains\",\"description\":\"\",\"publisher\":{\"@id\":\"https:\/\/smartecomountains.lifewatch.dev\/#organization\"},\"potentialAction\":[{\"@type\":\"SearchAction\",\"target\":{\"@type\":\"EntryPoint\",\"urlTemplate\":\"https:\/\/smartecomountains.lifewatch.dev\/?s={search_term_string}\"},\"query-input\":\"required name=search_term_string\"}],\"inLanguage\":\"en-US\"},{\"@type\":\"Organization\",\"@id\":\"https:\/\/smartecomountains.lifewatch.dev\/#organization\",\"name\":\"Smart Ecomountains\",\"url\":\"https:\/\/smartecomountains.lifewatch.dev\/\",\"logo\":{\"@type\":\"ImageObject\",\"inLanguage\":\"en-US\",\"@id\":\"https:\/\/smartecomountains.lifewatch.dev\/#\/schema\/logo\/image\/\",\"url\":\"https:\/\/smartecomountains.lifewatch.dev\/wp-content\/uploads\/2022\/11\/Smart_Ecomountains_Color.png\",\"contentUrl\":\"https:\/\/smartecomountains.lifewatch.dev\/wp-content\/uploads\/2022\/11\/Smart_Ecomountains_Color.png\",\"width\":665,\"height\":182,\"caption\":\"Smart Ecomountains\"},\"image\":{\"@id\":\"https:\/\/smartecomountains.lifewatch.dev\/#\/schema\/logo\/image\/\"},\"sameAs\":[\"https:\/\/www.facebook.com\/smartecomountains\",\"https:\/\/twitter.com\/smart_mountains\",\"http:\/\/instagram.com\/smartecomountains\",\"https:\/\/www.linkedin.com\/company\/smartecomountains\/\"]}]}<\/script>\n<!-- \/ Yoast SEO plugin. -->","yoast_head_json":{"title":"Equipos de trabajo - Smart Ecomountains","robots":{"index":"index","follow":"follow","max-snippet":"max-snippet:-1","max-image-preview":"max-image-preview:large","max-video-preview":"max-video-preview:-1"},"canonical":"https:\/\/smartecomountains.lifewatch.dev\/en\/equipos-de-trabajo\/","og_locale":"en_US","og_type":"article","og_title":"Equipos de trabajo - Smart Ecomountains","og_description":"WP1. Colecciones biol\u00f3gicas. Responsable:&nbsp;Juan Lorite Proporcionar datos a los investigadores, a los gestores y a la ciudadan\u00eda en general. Crear un repositorio de im\u00e1genes de alta calidad de los espec\u00edmenes de herbario y de las colecciones zool\u00f3gicas relacionadas con Sierra Nevada. Generar colecciones paralelas y adaptar las actuales para estudios moleculares. Completar las colecciones tanto [&hellip;]","og_url":"https:\/\/smartecomountains.lifewatch.dev\/en\/equipos-de-trabajo\/","og_site_name":"Smart Ecomountains","article_publisher":"https:\/\/www.facebook.com\/smartecomountains","article_modified_time":"2023-10-10T10:04:21+00:00","twitter_card":"summary_large_image","twitter_site":"@smart_mountains","twitter_misc":{"Est. reading time":"3 minutes"},"schema":{"@context":"https:\/\/schema.org","@graph":[{"@type":"WebPage","@id":"https:\/\/smartecomountains.lifewatch.dev\/equipos-de-trabajo\/","url":"https:\/\/smartecomountains.lifewatch.dev\/equipos-de-trabajo\/","name":"Equipos de trabajo - Smart Ecomountains","isPartOf":{"@id":"https:\/\/smartecomountains.lifewatch.dev\/#website"},"datePublished":"2022-12-09T12:46:51+00:00","dateModified":"2023-10-10T10:04:21+00:00","breadcrumb":{"@id":"https:\/\/smartecomountains.lifewatch.dev\/equipos-de-trabajo\/#breadcrumb"},"inLanguage":"en-US","potentialAction":[{"@type":"ReadAction","target":["https:\/\/smartecomountains.lifewatch.dev\/equipos-de-trabajo\/"]}]},{"@type":"BreadcrumbList","@id":"https:\/\/smartecomountains.lifewatch.dev\/equipos-de-trabajo\/#breadcrumb","itemListElement":[{"@type":"ListItem","position":1,"name":"Portada","item":"https:\/\/smartecomountains.lifewatch.dev\/"},{"@type":"ListItem","position":2,"name":"Equipos de trabajo"}]},{"@type":"WebSite","@id":"https:\/\/smartecomountains.lifewatch.dev\/#website","url":"https:\/\/smartecomountains.lifewatch.dev\/","name":"Smart Ecomountains","description":"","publisher":{"@id":"https:\/\/smartecomountains.lifewatch.dev\/#organization"},"potentialAction":[{"@type":"SearchAction","target":{"@type":"EntryPoint","urlTemplate":"https:\/\/smartecomountains.lifewatch.dev\/?s={search_term_string}"},"query-input":"required name=search_term_string"}],"inLanguage":"en-US"},{"@type":"Organization","@id":"https:\/\/smartecomountains.lifewatch.dev\/#organization","name":"Smart Ecomountains","url":"https:\/\/smartecomountains.lifewatch.dev\/","logo":{"@type":"ImageObject","inLanguage":"en-US","@id":"https:\/\/smartecomountains.lifewatch.dev\/#\/schema\/logo\/image\/","url":"https:\/\/smartecomountains.lifewatch.dev\/wp-content\/uploads\/2022\/11\/Smart_Ecomountains_Color.png","contentUrl":"https:\/\/smartecomountains.lifewatch.dev\/wp-content\/uploads\/2022\/11\/Smart_Ecomountains_Color.png","width":665,"height":182,"caption":"Smart Ecomountains"},"image":{"@id":"https:\/\/smartecomountains.lifewatch.dev\/#\/schema\/logo\/image\/"},"sameAs":["https:\/\/www.facebook.com\/smartecomountains","https:\/\/twitter.com\/smart_mountains","http:\/\/instagram.com\/smartecomountains","https:\/\/www.linkedin.com\/company\/smartecomountains\/"]}]}},"_links":{"self":[{"href":"https:\/\/smartecomountains.lifewatch.dev\/en\/wp-json\/wp\/v2\/pages\/609","targetHints":{"allow":["GET"]}}],"collection":[{"href":"https:\/\/smartecomountains.lifewatch.dev\/en\/wp-json\/wp\/v2\/pages"}],"about":[{"href":"https:\/\/smartecomountains.lifewatch.dev\/en\/wp-json\/wp\/v2\/types\/page"}],"author":[{"embeddable":true,"href":"https:\/\/smartecomountains.lifewatch.dev\/en\/wp-json\/wp\/v2\/users\/1"}],"replies":[{"embeddable":true,"href":"https:\/\/smartecomountains.lifewatch.dev\/en\/wp-json\/wp\/v2\/comments?post=609"}],"version-history":[{"count":21,"href":"https:\/\/smartecomountains.lifewatch.dev\/en\/wp-json\/wp\/v2\/pages\/609\/revisions"}],"predecessor-version":[{"id":1793,"href":"https:\/\/smartecomountains.lifewatch.dev\/en\/wp-json\/wp\/v2\/pages\/609\/revisions\/1793"}],"wp:attachment":[{"href":"https:\/\/smartecomountains.lifewatch.dev\/en\/wp-json\/wp\/v2\/media?parent=609"}],"curies":[{"name":"wp","href":"https:\/\/api.w.org\/{rel}","templated":true}]}}