{"id":630,"date":"2022-12-09T13:34:35","date_gmt":"2022-12-09T13:34:35","guid":{"rendered":"https:\/\/smartecomountains.lifewatch.dev\/?page_id=630"},"modified":"2024-01-23T11:54:59","modified_gmt":"2024-01-23T11:54:59","slug":"recursos-y-servicios","status":"publish","type":"page","link":"https:\/\/smartecomountains.lifewatch.dev\/en\/recursos-y-servicios\/","title":{"rendered":"Resources and services"},"content":{"rendered":"<div data-elementor-type=\"wp-page\" data-elementor-id=\"630\" class=\"elementor elementor-630\">\n\t\t\t\t\t\t\t\t\t<section class=\"elementor-section elementor-top-section elementor-element elementor-element-545e6ff9 elementor-section-full_width elementor-section-height-default elementor-section-height-default\" data-id=\"545e6ff9\" data-element_type=\"section\" data-settings=\"{&quot;jet_parallax_layout_list&quot;:[]}\">\n\t\t\t\t\t\t<div class=\"elementor-container elementor-column-gap-default\">\n\t\t\t\t\t<div class=\"elementor-column elementor-col-100 elementor-top-column elementor-element elementor-element-45d1a65f\" data-id=\"45d1a65f\" data-element_type=\"column\">\n\t\t\t<div class=\"elementor-widget-wrap elementor-element-populated\">\n\t\t\t\t\t\t\t\t\t<\/div>\n\t\t<\/div>\n\t\t\t\t\t\t\t<\/div>\n\t\t<\/section>\n\t\t\t\t<section class=\"elementor-section elementor-top-section elementor-element elementor-element-02fc797 elementor-section-boxed elementor-section-height-default elementor-section-height-default\" data-id=\"02fc797\" data-element_type=\"section\" data-settings=\"{&quot;jet_parallax_layout_list&quot;:[]}\">\n\t\t\t\t\t\t<div class=\"elementor-container elementor-column-gap-default\">\n\t\t\t\t\t<div class=\"elementor-column elementor-col-100 elementor-top-column elementor-element elementor-element-d89cd5e\" data-id=\"d89cd5e\" data-element_type=\"column\">\n\t\t\t<div class=\"elementor-widget-wrap elementor-element-populated\">\n\t\t\t\t\t\t\t\t<div class=\"elementor-element elementor-element-94d679a ekit-equal-height-disable elementor-widget elementor-widget-elementskit-icon-box\" data-id=\"94d679a\" data-element_type=\"widget\" data-widget_type=\"elementskit-icon-box.default\">\n\t\t\t\t<div class=\"elementor-widget-container\">\n\t\t\t<div class=\"ekit-wid-con\" >        <!-- link opening -->\n                <a href=\"https:\/\/climanevada.obsnev.es\" target=\"_blank\" rel=\"\" class=\"ekit_global_links\">\n                <!-- end link opening -->\n\n        <div class=\"elementskit-infobox text-center text- icon-top-align elementor-animation-\">\n                    <div class=\"elementskit-box-header elementor-animation-\">\n                <div class=\"elementskit-info-box-icon\">\n                    <i aria-hidden=\"true\" class=\"elementkit-infobox-icon icon icon-cloud-computing\"><\/i>\n                <\/div>\n          <\/div>\n                        <div class=\"box-body\">\n                            <h3 class=\"elementskit-info-box-title\">\n                    Climanevada                <\/h3>\n                        \t\t  <p>Sierra Nevada climatic database<\/p>\n                                <\/div>\n        \n        \n                <\/div>\n                <\/a>\n        <\/div>\t\t<\/div>\n\t\t\t\t<\/div>\n\t\t\t\t<div class=\"elementor-element elementor-element-0a697c5 ekit-equal-height-disable elementor-widget elementor-widget-elementskit-icon-box\" data-id=\"0a697c5\" data-element_type=\"widget\" data-widget_type=\"elementskit-icon-box.default\">\n\t\t\t\t<div class=\"elementor-widget-container\">\n\t\t\t<div class=\"ekit-wid-con\" >        <!-- link opening -->\n                <a href=\"https:\/\/biblionevada.obsnev.es\" target=\"_blank\" rel=\"\" class=\"ekit_global_links\">\n                <!-- end link opening -->\n\n        <div class=\"elementskit-infobox text-center text- icon-top-align elementor-animation-\">\n                    <div class=\"elementskit-box-header elementor-animation-\">\n                <div class=\"elementskit-info-box-icon\">\n                    <i aria-hidden=\"true\" class=\"elementkit-infobox-icon icon icon-open-book1\"><\/i>\n                <\/div>\n          <\/div>\n                        <div class=\"box-body\">\n                            <h3 class=\"elementskit-info-box-title\">\n                    Biblionevada                <\/h3>\n                        \t\t  <p>Repository of scientific publications in Sierra Nevada<\/p>\n                                <\/div>\n        \n        \n                <\/div>\n                <\/a>\n        <\/div>\t\t<\/div>\n\t\t\t\t<\/div>\n\t\t\t\t<div class=\"elementor-element elementor-element-90b49b4 ekit-equal-height-disable elementor-widget elementor-widget-elementskit-icon-box\" data-id=\"90b49b4\" data-element_type=\"widget\" data-widget_type=\"elementskit-icon-box.default\">\n\t\t\t\t<div class=\"elementor-widget-container\">\n\t\t\t<div class=\"ekit-wid-con\" >        <!-- link opening -->\n                <a href=\"https:\/\/histonevada.obsnev.es\" target=\"_blank\" rel=\"\" class=\"ekit_global_links\">\n                <!-- end link opening -->\n\n        <div class=\"elementskit-infobox text-center text- icon-top-align elementor-animation-\">\n                    <div class=\"elementskit-box-header elementor-animation-\">\n                <div class=\"elementskit-info-box-icon\">\n                    <i aria-hidden=\"true\" class=\"elementkit-infobox-icon icon icon-image\"><\/i>\n                <\/div>\n          <\/div>\n                        <div class=\"box-body\">\n                            <h3 class=\"elementskit-info-box-title\">\n                    Histonevada                <\/h3>\n                        \t\t  <p>Repositorio de im\u00e1genes y documentos hist\u00f3ricos de Sierra Nevada<\/p>\n                                <\/div>\n        \n        \n                <\/div>\n                <\/a>\n        <\/div>\t\t<\/div>\n\t\t\t\t<\/div>\n\t\t\t\t\t<\/div>\n\t\t<\/div>\n\t\t\t\t\t\t\t<\/div>\n\t\t<\/section>\n\t\t\t\t\t\t\t<\/div>","protected":false},"excerpt":{"rendered":"<p>Climanevada Base de d\u00e1tos clim\u00e1tica de Sierra Nevada Biblionevada Repositorio de publicaciones cient\u00edficas en Sierra Nevada Histonevada Repositorio de im\u00e1genes y documentos hist\u00f3ricos de Sierra Nevada<\/p>","protected":false},"author":1,"featured_media":0,"parent":0,"menu_order":0,"comment_status":"closed","ping_status":"closed","template":"","meta":{"footnotes":""},"class_list":["post-630","page","type-page","status-publish","hentry"],"acf":[],"yoast_head":"<!-- This site is optimized with the Yoast SEO plugin v21.2 - https:\/\/yoast.com\/wordpress\/plugins\/seo\/ -->\n<title>Recursos y servicios - Smart Ecomountains<\/title>\n<meta name=\"robots\" content=\"index, follow, max-snippet:-1, max-image-preview:large, max-video-preview:-1\" \/>\n<link rel=\"canonical\" href=\"https:\/\/smartecomountains.lifewatch.dev\/en\/recursos-y-servicios\/\" \/>\n<meta property=\"og:locale\" content=\"en_US\" \/>\n<meta property=\"og:type\" content=\"article\" \/>\n<meta property=\"og:title\" content=\"Recursos y servicios - Smart Ecomountains\" \/>\n<meta property=\"og:description\" content=\"Climanevada Base de d\u00e1tos clim\u00e1tica de Sierra Nevada Biblionevada Repositorio de publicaciones cient\u00edficas en Sierra Nevada Histonevada Repositorio de im\u00e1genes y documentos hist\u00f3ricos de Sierra Nevada\" \/>\n<meta property=\"og:url\" content=\"https:\/\/smartecomountains.lifewatch.dev\/en\/recursos-y-servicios\/\" \/>\n<meta property=\"og:site_name\" content=\"Smart Ecomountains\" \/>\n<meta property=\"article:publisher\" content=\"https:\/\/www.facebook.com\/smartecomountains\" \/>\n<meta property=\"article:modified_time\" content=\"2024-01-23T11:54:59+00:00\" \/>\n<meta name=\"twitter:card\" content=\"summary_large_image\" \/>\n<meta name=\"twitter:site\" content=\"@smart_mountains\" \/>\n<meta name=\"twitter:label1\" content=\"Est. reading time\" \/>\n\t<meta name=\"twitter:data1\" content=\"1 minute\" \/>\n<script type=\"application\/ld+json\" class=\"yoast-schema-graph\">{\"@context\":\"https:\/\/schema.org\",\"@graph\":[{\"@type\":\"WebPage\",\"@id\":\"https:\/\/smartecomountains.lifewatch.dev\/recursos-y-servicios\/\",\"url\":\"https:\/\/smartecomountains.lifewatch.dev\/recursos-y-servicios\/\",\"name\":\"Recursos y servicios - Smart Ecomountains\",\"isPartOf\":{\"@id\":\"https:\/\/smartecomountains.lifewatch.dev\/#website\"},\"datePublished\":\"2022-12-09T13:34:35+00:00\",\"dateModified\":\"2024-01-23T11:54:59+00:00\",\"breadcrumb\":{\"@id\":\"https:\/\/smartecomountains.lifewatch.dev\/recursos-y-servicios\/#breadcrumb\"},\"inLanguage\":\"en-US\",\"potentialAction\":[{\"@type\":\"ReadAction\",\"target\":[\"https:\/\/smartecomountains.lifewatch.dev\/recursos-y-servicios\/\"]}]},{\"@type\":\"BreadcrumbList\",\"@id\":\"https:\/\/smartecomountains.lifewatch.dev\/recursos-y-servicios\/#breadcrumb\",\"itemListElement\":[{\"@type\":\"ListItem\",\"position\":1,\"name\":\"Portada\",\"item\":\"https:\/\/smartecomountains.lifewatch.dev\/\"},{\"@type\":\"ListItem\",\"position\":2,\"name\":\"Recursos y servicios\"}]},{\"@type\":\"WebSite\",\"@id\":\"https:\/\/smartecomountains.lifewatch.dev\/#website\",\"url\":\"https:\/\/smartecomountains.lifewatch.dev\/\",\"name\":\"Smart Ecomountains\",\"description\":\"\",\"publisher\":{\"@id\":\"https:\/\/smartecomountains.lifewatch.dev\/#organization\"},\"potentialAction\":[{\"@type\":\"SearchAction\",\"target\":{\"@type\":\"EntryPoint\",\"urlTemplate\":\"https:\/\/smartecomountains.lifewatch.dev\/?s={search_term_string}\"},\"query-input\":\"required name=search_term_string\"}],\"inLanguage\":\"en-US\"},{\"@type\":\"Organization\",\"@id\":\"https:\/\/smartecomountains.lifewatch.dev\/#organization\",\"name\":\"Smart Ecomountains\",\"url\":\"https:\/\/smartecomountains.lifewatch.dev\/\",\"logo\":{\"@type\":\"ImageObject\",\"inLanguage\":\"en-US\",\"@id\":\"https:\/\/smartecomountains.lifewatch.dev\/#\/schema\/logo\/image\/\",\"url\":\"https:\/\/smartecomountains.lifewatch.dev\/wp-content\/uploads\/2022\/11\/Smart_Ecomountains_Color.png\",\"contentUrl\":\"https:\/\/smartecomountains.lifewatch.dev\/wp-content\/uploads\/2022\/11\/Smart_Ecomountains_Color.png\",\"width\":665,\"height\":182,\"caption\":\"Smart Ecomountains\"},\"image\":{\"@id\":\"https:\/\/smartecomountains.lifewatch.dev\/#\/schema\/logo\/image\/\"},\"sameAs\":[\"https:\/\/www.facebook.com\/smartecomountains\",\"https:\/\/twitter.com\/smart_mountains\",\"http:\/\/instagram.com\/smartecomountains\",\"https:\/\/www.linkedin.com\/company\/smartecomountains\/\"]}]}<\/script>\n<!-- \/ Yoast SEO plugin. -->","yoast_head_json":{"title":"Recursos y servicios - Smart Ecomountains","robots":{"index":"index","follow":"follow","max-snippet":"max-snippet:-1","max-image-preview":"max-image-preview:large","max-video-preview":"max-video-preview:-1"},"canonical":"https:\/\/smartecomountains.lifewatch.dev\/en\/recursos-y-servicios\/","og_locale":"en_US","og_type":"article","og_title":"Recursos y servicios - Smart Ecomountains","og_description":"Climanevada Base de d\u00e1tos clim\u00e1tica de Sierra Nevada Biblionevada Repositorio de publicaciones cient\u00edficas en Sierra Nevada Histonevada Repositorio de im\u00e1genes y documentos hist\u00f3ricos de Sierra Nevada","og_url":"https:\/\/smartecomountains.lifewatch.dev\/en\/recursos-y-servicios\/","og_site_name":"Smart Ecomountains","article_publisher":"https:\/\/www.facebook.com\/smartecomountains","article_modified_time":"2024-01-23T11:54:59+00:00","twitter_card":"summary_large_image","twitter_site":"@smart_mountains","twitter_misc":{"Est. reading time":"1 minute"},"schema":{"@context":"https:\/\/schema.org","@graph":[{"@type":"WebPage","@id":"https:\/\/smartecomountains.lifewatch.dev\/recursos-y-servicios\/","url":"https:\/\/smartecomountains.lifewatch.dev\/recursos-y-servicios\/","name":"Recursos y servicios - Smart Ecomountains","isPartOf":{"@id":"https:\/\/smartecomountains.lifewatch.dev\/#website"},"datePublished":"2022-12-09T13:34:35+00:00","dateModified":"2024-01-23T11:54:59+00:00","breadcrumb":{"@id":"https:\/\/smartecomountains.lifewatch.dev\/recursos-y-servicios\/#breadcrumb"},"inLanguage":"en-US","potentialAction":[{"@type":"ReadAction","target":["https:\/\/smartecomountains.lifewatch.dev\/recursos-y-servicios\/"]}]},{"@type":"BreadcrumbList","@id":"https:\/\/smartecomountains.lifewatch.dev\/recursos-y-servicios\/#breadcrumb","itemListElement":[{"@type":"ListItem","position":1,"name":"Portada","item":"https:\/\/smartecomountains.lifewatch.dev\/"},{"@type":"ListItem","position":2,"name":"Recursos y servicios"}]},{"@type":"WebSite","@id":"https:\/\/smartecomountains.lifewatch.dev\/#website","url":"https:\/\/smartecomountains.lifewatch.dev\/","name":"Smart Ecomountains","description":"","publisher":{"@id":"https:\/\/smartecomountains.lifewatch.dev\/#organization"},"potentialAction":[{"@type":"SearchAction","target":{"@type":"EntryPoint","urlTemplate":"https:\/\/smartecomountains.lifewatch.dev\/?s={search_term_string}"},"query-input":"required name=search_term_string"}],"inLanguage":"en-US"},{"@type":"Organization","@id":"https:\/\/smartecomountains.lifewatch.dev\/#organization","name":"Smart Ecomountains","url":"https:\/\/smartecomountains.lifewatch.dev\/","logo":{"@type":"ImageObject","inLanguage":"en-US","@id":"https:\/\/smartecomountains.lifewatch.dev\/#\/schema\/logo\/image\/","url":"https:\/\/smartecomountains.lifewatch.dev\/wp-content\/uploads\/2022\/11\/Smart_Ecomountains_Color.png","contentUrl":"https:\/\/smartecomountains.lifewatch.dev\/wp-content\/uploads\/2022\/11\/Smart_Ecomountains_Color.png","width":665,"height":182,"caption":"Smart Ecomountains"},"image":{"@id":"https:\/\/smartecomountains.lifewatch.dev\/#\/schema\/logo\/image\/"},"sameAs":["https:\/\/www.facebook.com\/smartecomountains","https:\/\/twitter.com\/smart_mountains","http:\/\/instagram.com\/smartecomountains","https:\/\/www.linkedin.com\/company\/smartecomountains\/"]}]}},"_links":{"self":[{"href":"https:\/\/smartecomountains.lifewatch.dev\/en\/wp-json\/wp\/v2\/pages\/630","targetHints":{"allow":["GET"]}}],"collection":[{"href":"https:\/\/smartecomountains.lifewatch.dev\/en\/wp-json\/wp\/v2\/pages"}],"about":[{"href":"https:\/\/smartecomountains.lifewatch.dev\/en\/wp-json\/wp\/v2\/types\/page"}],"author":[{"embeddable":true,"href":"https:\/\/smartecomountains.lifewatch.dev\/en\/wp-json\/wp\/v2\/users\/1"}],"replies":[{"embeddable":true,"href":"https:\/\/smartecomountains.lifewatch.dev\/en\/wp-json\/wp\/v2\/comments?post=630"}],"version-history":[{"count":3,"href":"https:\/\/smartecomountains.lifewatch.dev\/en\/wp-json\/wp\/v2\/pages\/630\/revisions"}],"predecessor-version":[{"id":2233,"href":"https:\/\/smartecomountains.lifewatch.dev\/en\/wp-json\/wp\/v2\/pages\/630\/revisions\/2233"}],"wp:attachment":[{"href":"https:\/\/smartecomountains.lifewatch.dev\/en\/wp-json\/wp\/v2\/media?parent=630"}],"curies":[{"name":"wp","href":"https:\/\/api.w.org\/{rel}","templated":true}]}}